{"id":3121,"date":"2019-04-01T10:22:46","date_gmt":"2019-04-01T07:22:46","guid":{"rendered":"https:\/\/loz-tic.com\/our-products\/"},"modified":"2024-09-13T16:35:15","modified_gmt":"2024-09-13T13:35:15","slug":"urunlerimiz","status":"publish","type":"page","link":"https:\/\/loz-tic.com\/tr\/urunlerimiz\/","title":{"rendered":"\u00dcr\u00fcnlerimiz"},"content":{"rendered":"<section id=\"bt_bb_section69e483963e79c\" class=\"bt_bb_section bt_bb_layout_boxed_1600 bt_bb_vertical_align_top bt_bb_top_spacing_medium bt_bb_bottom_spacing_normal\"  data-bt-override-class=\"null\"><div class=\"bt_bb_port\"><div class=\"bt_bb_cell\"><div class=\"bt_bb_cell_inner\"><div class=\"bt_bb_row \"  data-bt-override-class=\"{}\"><div class=\"bt_bb_row_holder\" style=\"; 0\"><div data-bb-version=\"5.1.0\"  class=\"bt_bb_column col-xxl-12 col-xl-12 bt_bb_vertical_align_top bt_bb_align_left bt_bb_padding_normal\"  data-width=\"12\" data-bt-override-class=\"{&quot;bt_bb_align_&quot;:{&quot;current_class&quot;:&quot;bt_bb_align_left&quot;,&quot;xxl&quot;:&quot;left&quot;},&quot;bt_bb_padding_&quot;:{&quot;current_class&quot;:&quot;bt_bb_padding_normal&quot;,&quot;xxl&quot;:&quot;normal&quot;}}\"><div class=\"bt_bb_column_content\"><div data-bb-version=\"5.1.0\" class=\"bt_bb_masonry_portfolio_grid bt_bb_grid_container bt_bb_columns_4 bt_bb_gap_normal bt_bb_look_image_above bt_bb_show_dash_true\" data-columns=\"4\"><div class=\"bt_bb_post_grid_loader\"><span class=\"box1\"><\/span><span class=\"box2\"><\/span><span class=\"box3\"><\/span><span class=\"box4\"><\/span><span class=\"box5\"><\/span><\/div><div class=\"bt_bb_masonry_portfolio_grid_content bt_bb_grid_hide\" data-bt-nonce=\"2716670977\" data-number-portfolio=\"1000\" data-category-portfolio=\"\" data-post-type=\"portfolio\" data-show-portfolio=\"a%3A7%3A%7Bs%3A8%3A%22category%22%3Bb%3A0%3Bs%3A4%3A%22date%22%3Bb%3A0%3Bs%3A6%3A%22author%22%3Bb%3A0%3Bs%3A8%3A%22comments%22%3Bb%3A0%3Bs%3A7%3A%22excerpt%22%3Bb%3A1%3Bs%3A5%3A%22share%22%3Bb%3A0%3Bs%3A9%3A%22read_more%22%3Bb%3A0%3B%7D\" data-date-design=\"\"  data-target=\"_self\"><div class=\"bt_bb_grid_sizer\"><\/div><\/div><\/div><\/div><\/div><\/div><\/div><\/div><!-- cell_inner --><\/div><!-- cell --><\/div><!-- port --><\/section>\n","protected":false},"excerpt":{"rendered":"<p>LOZ&#8217;da, orijinal tad\u0131 y\u00fcksek kalite ile birle\u015ftiren geni\u015f bir s\u00fct ve peynir \u00fcr\u00fcnleri yelpazesi sunuyoruz. Uzmanca pi\u015firilmi\u015f ya\u015f peynirden itina ile elde yap\u0131lan tel peynire kadar, \u00fcr\u00fcnlerimizin tatlar\u0131n\u0131z\u0131 tatmin etmesini ve beslenme ihtiya\u00e7lar\u0131n\u0131z\u0131 kar\u015f\u0131lamas\u0131n\u0131 sa\u011fl\u0131yoruz. \u00c7e\u015fitli koleksiyonumuzu ke\u015ffedin ve gelenek ile yenili\u011fi birle\u015ftiren lezzetleri ke\u015ffedin.<\/p>\n","protected":false},"author":1,"featured_media":2982,"parent":0,"menu_order":0,"comment_status":"closed","ping_status":"closed","template":"","meta":{"footnotes":""},"class_list":["post-3121","page","type-page","status-publish","has-post-thumbnail","hentry"],"_links":{"self":[{"href":"https:\/\/loz-tic.com\/tr\/wp-json\/wp\/v2\/pages\/3121"}],"collection":[{"href":"https:\/\/loz-tic.com\/tr\/wp-json\/wp\/v2\/pages"}],"about":[{"href":"https:\/\/loz-tic.com\/tr\/wp-json\/wp\/v2\/types\/page"}],"author":[{"embeddable":true,"href":"https:\/\/loz-tic.com\/tr\/wp-json\/wp\/v2\/users\/1"}],"replies":[{"embeddable":true,"href":"https:\/\/loz-tic.com\/tr\/wp-json\/wp\/v2\/comments?post=3121"}],"version-history":[{"count":1,"href":"https:\/\/loz-tic.com\/tr\/wp-json\/wp\/v2\/pages\/3121\/revisions"}],"predecessor-version":[{"id":3124,"href":"https:\/\/loz-tic.com\/tr\/wp-json\/wp\/v2\/pages\/3121\/revisions\/3124"}],"wp:featuredmedia":[{"embeddable":true,"href":"https:\/\/loz-tic.com\/tr\/wp-json\/wp\/v2\/media\/2982"}],"wp:attachment":[{"href":"https:\/\/loz-tic.com\/tr\/wp-json\/wp\/v2\/media?parent=3121"}],"curies":[{"name":"wp","href":"https:\/\/api.w.org\/{rel}","templated":true}]}}